{"id":70,"date":"2020-01-19T21:18:53","date_gmt":"2020-01-19T21:18:53","guid":{"rendered":"https:\/\/www.oikia.it\/news\/?page_id=70"},"modified":"2020-01-19T23:08:54","modified_gmt":"2020-01-19T23:08:54","slug":"privacy-policy-2","status":"publish","type":"page","link":"https:\/\/www.oikia.it\/news\/privacy-policy-2\/","title":{"rendered":"Privacy Policy"},"content":{"rendered":"\n<p>Informativa ai sensi del Regolamento UE 2016\/679 (&#8220;GDPR&#8221;)<\/p>\n\n\n\n<h2 class=\"wp-block-heading\">Titolare del Trattamento dei Dati<\/h2>\n\n\n\n<p><strong>Publidok S.r.l.<\/strong><br>Sede legale: Milano (MI) Foro Buonaparte, 59 20121<br>Sede operativa: Busca (CN) Via Po, 2 12022<br>Tel. 0171.937225 &#8211; Fax 0171.940614<br>Cod. Fisc. e Partita IVA: 09705620962<\/p>\n\n\n\n<p><strong>Indirizzo email del Titolare:<\/strong>&nbsp;info@publidok.com<\/p>\n\n\n\n<h2 class=\"wp-block-heading\">Tipologie di Dati personali raccolti<\/h2>\n\n\n\n<p>Quando usi i nostri servizi, accetti che raccogliamo alcuni tuoi dati personali. Questa pagina ha lo scopo di dirti quali dati, perch\u00e9 e come li usiamo.<\/p>\n\n\n\n<h3 class=\"wp-block-heading\">Dati che raccogliamo automaticamente<\/h3>\n\n\n\n<p>Quando navighi sul sito possiamo raccogliere automaticamente diverse informazioni, tra cui:<\/p>\n\n\n\n<ul class=\"wp-block-list\"><li>informazioni sul tuo computer\/dispositivo come il tipo di browser, il sistema operativo, l&#8217;indirizzo IP o la posizione attuale (approssimativa).&nbsp;<br>Questi dati vengono utilizzati al solo fine di ricavare informazioni statistiche anonime sull&#8217;uso del sito e per controllarne il corretto funzionamento e per identificare anomalie e\/o abusi.<\/li><li>cookie tecnici e di terze parti (vedi la sezione&nbsp;<a href=\"https:\/\/www.oikia.it\/cookie-policy.html\">Cookie<\/a>&nbsp;per maggiori dettagli)<\/li><li>con l&#8217;uso delle applicazione mobile raccogliamo anche il codice identificativo del tuo dispositivo (UUID) per inviarti notifiche push<\/li><\/ul>\n\n\n\n<p>Potremmo inoltre raccogliere informazioni sulla tua interazione con i messaggi di posta elettronica che ti inviamo, ad esempio se hai aperto, fatto clic o inoltrato un messaggio.<\/p>\n\n\n\n<h3 class=\"wp-block-heading\">Dati forniti dall\u2019utente<\/h3>\n\n\n\n<p>Quando ti registri, inserisci o rispondi ad un annuncio o compili un modulo di contatto acconsenti a fornirci alcuni dati che ci servono per fornirti il servizio da te richiesto.<\/p>\n\n\n\n<p>Alcuni esempi di dati che ci puoi fornire sono i seguenti:&nbsp;<br>cognome, nome, email, password (verr\u00e0 salvata in maniera criptata, in modo che nemmeno noi possiamo vederla), numero di telefono, ragione sociale, citt\u00e0, indirizzo di residenza, data di nascita, sesso.<\/p>\n\n\n\n<p>Quando inserisci un annuncio, scrivi sul nostro blog o forum fornisci dei dati che verranno resi pubblici.&nbsp;<br>\u00c8 necessario essere consapevoli del fatto che qualsiasi informazione fornita in queste aree pu\u00f2 essere letta, raccolta e utilizzata da altri utenti che accedono a tali dati.<\/p>\n\n\n\n<p>Le informazioni sensibili come il numero di carta di credito e la password che richiediamo sul sito sono protette con crittografia, come il protocollo Secured Socket Layer (SSL), durante la trasmissione su Internet.<\/p>\n\n\n\n<h3 class=\"wp-block-heading\">Dati forniti da terzi<\/h3>\n\n\n\n<p>Quando ti registri o accedi al tuo account tramite un fornitori di servizi di terze parti (come accedi con Google, Facebook, Twitter, &#8230;) ci vengono forniti informazioni come il tuo nome utente, indirizzo email, nome, cognome e profilo da quel servizio (i dati inviati vengono specificati nell&#8217;apposita finestra &#8220;pop-up&#8221; che viene visualizzata al momento della richiesta). Le informazioni variano e sono controllate da quel fornitore di servizi o autorizzate dall&#8217;utente tramite le impostazioni sulla privacy di quel fornitore di servizi.<\/p>\n\n\n\n<h2 class=\"wp-block-heading\">Come utilizziamo i dati raccolti<\/h2>\n\n\n\n<p>Utilizziamo i dati raccolti per garantirti l\u2019accesso ai nostri servizi e la loro erogazione, tra cui:<\/p>\n\n\n\n<ul class=\"wp-block-list\"><li>registrazione e creazione dell\u2019area riservata<\/li><li>pubblicazione e gestione degli annunci<\/li><li>utilizzo delle funzionalit\u00e0 &#8220;preferiti&#8221; e &#8220;ricerche salvate&#8221;<\/li><li>verificare la tua identit\u00e0 quando accedi al sito<\/li><li>attivit\u00e0 di natura amministrativa, finanziaria o contabile, come ad esempio quelle relative agli acquisti dei servizi a pagamento ed eventuale recupero del credito<\/li><\/ul>\n\n\n\n<p>Utilizziamo i tuoi dati anche per migliorare ed implementare il servizio, attraverso i seguenti trattamenti:<\/p>\n\n\n\n<ul class=\"wp-block-list\"><li>rilevamento della posizione approssimativa in modo da fornire i contenuti a te vicini<\/li><li>effettuando analisi tecniche per determinare come migliorare il sito e i servizi che forniamo<\/li><li>monitoraggio dell&#8217;attivit\u00e0 sul sito, ad es. per identificare potenziali attivit\u00e0 fraudolente e per garantire la conformit\u00e0 con i termini applicabili al sito<\/li><\/ul>\n\n\n\n<p>Qualora tu ci abbia fornito espressamente il consenso, possiamo utilizzare i dati forniti per informarti riguardo ad attivit\u00e0 promozionali che potrebbero interessarti tra cui:<\/p>\n\n\n\n<ul class=\"wp-block-list\"><li>newsletter, attivit\u00e0 promozionali, commerciali e pubblicitarie, tramite posta elettronica, invio SMS o notifiche push<\/li><\/ul>\n\n\n\n<p>Se ricevi una nostra email commerciale, puoi annullare l&#8217;iscrizione in qualsiasi momento seguendo le istruzioni contenute nella stessa email o contattandoci tramite il modulodi contatti presente sul sito.<\/p>\n\n\n\n<h2 class=\"wp-block-heading\">Soggetti a cui possono essere comunicati dati personali<\/h2>\n\n\n\n<p>I dati raccolti potranno essere comunicati a:<\/p>\n\n\n\n<ul class=\"wp-block-list\"><li>societ\u00e0 che svolgono funzioni strettamente connesse e strumentali all\u2019operativit\u00e0, tra cui societ\u00e0 che erogano servizi di archiviazione, amministrativi, di pagamento e fatturazione e societ\u00e0 che forniscono componenti tecniche per l\u2019erogazione di alcune funzionalit\u00e0 del servizio.<\/li><li>i dati potranno essere comunicati a seguito di ispezioni o verifiche (qualora richiesti), a tutti gli organi ispettivi preposti a verifiche e controlli inerenti la regolarit\u00e0 degli adempimenti di legge.<\/li><li>rispondendo ad un annuncio o attivando un alert con invio della richiesta alle agenzie, i dati inseiriti nel modulo di contatti potranno essere condivisi con le agenzie stesse.<\/li><\/ul>\n\n\n\n<h2 class=\"wp-block-heading\">Come puoi accedere alle tue informazioni personali<\/h2>\n\n\n\n<p>Puoi accedere ad alcune delle informazioni personali che raccogliamo su di te effettuando l&#8217;accesso alla tua area riservata.<\/p>\n\n\n\n<p>In ogni momento puoi:<\/p>\n\n\n\n<ul class=\"wp-block-list\"><li>richiedere l&#8217;accesso ai dati personali raccolti<\/li><li>richiedere l&#8217;aggiornamento, modifica e correzione di eventuali errori in tali dati<\/li><li>revocare il consenso al trattamento dei dati (in questo caso \u00e8 possibile che possiamo disabilitare il tuo account o i dati da te inseriti sul nostro sito)<\/li><\/ul>\n\n\n\n<p>Ti ricordiamo che per qualsiasi domanda o richiesta relativa ai tuoi dati personali e al rispetto della tua privacy puoi contattarci tramite il modulo di contatti presente sul sito.<\/p>\n\n\n\n<h2 class=\"wp-block-heading\">Come conserviamo i tuoi dati<\/h2>\n\n\n\n<p>La conservazione dei dati personali avverr\u00e0 in forma cartacea e\/o elettronica\/informatica e per il tempo necessario, nel rispetto della tua privacy e delle normative vigenti.<\/p>\n\n\n\n<p>Nel caso di utenti attivi, gli annunci e i contenuti generati dall\u2019utente saranno conservati per 36 mesi per ragioni di sicurezza, prevenzione e regole di legge.<\/p>\n\n\n\n<p>Le fatture, i documenti contabili e i dati relativi alle transazioni sono conservati per 11 anni ai sensi di legge (ivi compresi gli obblighi fiscali).<\/p>\n\n\n\n<p>Nel caso di richiesta di cancellazione espressa dei dati personali, ti ricordiamo che tali dati saranno conservati, in forma protetta e con accesso limitato, unicamente per finalit\u00e0 di accertamento e repressione dei reati, per un periodo non superiore ai 12 mesi dalla data della richiesta e successivamente saranno cancellati in maniera sicura e permanente.<\/p>\n\n\n\n<p>I tuoi dati personali potrebbero essere trasferiti al di fuori dell\u2019Unione Europea per essere trattati da alcuni dei nostri fornitori di servizi.&nbsp;<br>In questo caso, ci assicuriamo che questo trasferimento avvenga nel rispetto della legislazione vigente e che sia garantito un livello adeguato di protezione dei dati personali basandoci su una decisione di adeguatezza, su clausole standard definite dalla Commissione Europea o su Binding Corporate Rules.<\/p>\n\n\n\n<p>Le informazioni relative agli annunci inseriti saranno visibili nelle ricerche effettuate nel motore di ricerca interno e potrebbero essere messe a disposizione di motori di ricerca terzi, in quanto \u00e8 consentita l\u2019indicizzazione dei contenuti da parte di motori terzi.&nbsp;<br>Nel caso in cui la pagina relativa all\u2019annuncio sia gi\u00e0 stata rimossa sul nostro sito, \u00e8 possibile che la copia cache permanga tra i risultati di ricerca per qualche giorno.&nbsp;<br>I risultati della ricerca non sono gestiti dal Titolare, ma l\u2019utente pu\u00f2 segnalare la rimozione della pagina e sollecitare l\u2019aggiornamento della copia cache direttamente al motore di ricerca di terzi.<\/p>\n\n\n\n<p>In nessun caso cediamo o vendiamo dati personali a soggetti terzi.<\/p>\n\n\n\n<h2 class=\"wp-block-heading\">Come manteniamo sicure le tue informazioni personali<\/h2>\n\n\n\n<p>I dati sono raccolti, secondo le indicazioni della normativa di riferimento, con particolare riguardo alle misure di sicurezza previste dal GDPR (art. 32), mediante strumenti informatici, manuali ed automatizzati.<\/p>\n\n\n\n<p>Archiviamo informazioni personali su server sicuri che sono gestiti da noi e dai nostri fornitori di servizi, e occasionalmente file cartacei conservati in un luogo sicuro.&nbsp;<br>Le informazioni personali che archiviamo o trasmettiamo sono protette da controlli di sicurezza e di accesso e crittografia dei dati.<\/p>\n\n\n\n<h2 class=\"wp-block-heading\">Minori di 16 anni<\/h2>\n\n\n\n<p>Se hai meno di 16 anni non puoi registrarti al nostro sito n\u00e8 puoi fornirci alcun dato personale.&nbsp;<br>In ogni caso non assumiamo responsabilit\u00e0 per eventuali dichiarazioni mendaci da te fornite.<\/p>\n\n\n\n<p>Qualora ci accorgessimo dell\u2019esistenza di dichiarazioni non veritiere procederemo con la cancellazione immediata di ogni dato personale acquisito.<\/p>\n\n\n\n<h2 class=\"wp-block-heading\">Modifiche a questa privacy policy<\/h2>\n\n\n\n<p>Il Titolare del Trattamento si riserva il diritto di apportare modifiche alla presente privacy policy in qualunque momento dandone pubblicit\u00e0 agli Utenti su questa pagina.<\/p>\n\n\n\n<p>Si prega dunque di consultare spesso questa pagina, prendendo come riferimento la data di ultima modifica indicata in fondo.<\/p>\n\n\n\n<p>Ultima modifica: 01 Ottobre 2019<\/p>\n","protected":false},"excerpt":{"rendered":"<p>Informativa ai sensi del Regolamento UE 2016\/679 (&#8220;GDPR&#8221;) Titolare del Trattamento dei Dati Publidok S.r.l.Sede legale: Milano (MI) Foro Buonaparte, 59 20121Sede operativa: Busca (CN) Via Po, 2 12022Tel. 0171.937225 &#8211; Fax 0171.940614Cod. Fisc. e Partita IVA: 09705620962 Indirizzo email del Titolare:&nbsp;info@publidok.com Tipologie di Dati personali raccolti Quando usi i nostri servizi, accetti che raccogliamo [&hellip;]<\/p>\n","protected":false},"author":1,"featured_media":0,"parent":0,"menu_order":0,"comment_status":"closed","ping_status":"closed","template":"","meta":{"_monsterinsights_skip_tracking":false,"_monsterinsights_sitenote_active":false,"_monsterinsights_sitenote_note":"","_monsterinsights_sitenote_category":0,"_genesis_hide_title":false,"_genesis_hide_breadcrumbs":false,"_genesis_hide_singular_image":false,"_genesis_hide_footer_widgets":false,"_genesis_custom_body_class":"","_genesis_custom_post_class":"","_genesis_layout":"","footnotes":""},"class_list":{"0":"post-70","1":"page","2":"type-page","3":"status-publish","5":"entry"},"yoast_head":"<!-- This site is optimized with the Yoast SEO plugin v27.4 - https:\/\/yoast.com\/product\/yoast-seo-wordpress\/ -->\n<title>Privacy Policy - OIKIA MAGAZINE<\/title>\n<meta name=\"robots\" content=\"index, follow, max-snippet:-1, max-image-preview:large, max-video-preview:-1\" \/>\n<link rel=\"canonical\" href=\"https:\/\/news.oikia.it\/privacy-policy-2\/\" \/>\n<meta property=\"og:locale\" content=\"it_IT\" \/>\n<meta property=\"og:type\" content=\"article\" \/>\n<meta property=\"og:title\" content=\"Privacy Policy - OIKIA MAGAZINE\" \/>\n<meta property=\"og:description\" content=\"Informativa ai sensi del Regolamento UE 2016\/679 (&#8220;GDPR&#8221;) Titolare del Trattamento dei Dati Publidok S.r.l.Sede legale: Milano (MI) Foro Buonaparte, 59 20121Sede operativa: Busca (CN) Via Po, 2 12022Tel. 0171.937225 &#8211; Fax 0171.940614Cod. Fisc. e Partita IVA: 09705620962 Indirizzo email del Titolare:&nbsp;info@publidok.com Tipologie di Dati personali raccolti Quando usi i nostri servizi, accetti che raccogliamo [&hellip;]\" \/>\n<meta property=\"og:url\" content=\"https:\/\/news.oikia.it\/privacy-policy-2\/\" \/>\n<meta property=\"og:site_name\" content=\"OIKIA MAGAZINE\" \/>\n<meta property=\"article:modified_time\" content=\"2020-01-19T23:08:54+00:00\" \/>\n<meta name=\"twitter:card\" content=\"summary_large_image\" \/>\n<meta name=\"twitter:label1\" content=\"Tempo di lettura stimato\" \/>\n\t<meta name=\"twitter:data1\" content=\"7 minuti\" \/>\n<script type=\"application\/ld+json\" class=\"yoast-schema-graph\">{\"@context\":\"https:\\\/\\\/schema.org\",\"@graph\":[{\"@type\":\"WebPage\",\"@id\":\"https:\\\/\\\/news.oikia.it\\\/privacy-policy-2\\\/\",\"url\":\"https:\\\/\\\/news.oikia.it\\\/privacy-policy-2\\\/\",\"name\":\"Privacy Policy - OIKIA MAGAZINE\",\"isPartOf\":{\"@id\":\"https:\\\/\\\/news.oikia.it\\\/#website\"},\"datePublished\":\"2020-01-19T21:18:53+00:00\",\"dateModified\":\"2020-01-19T23:08:54+00:00\",\"breadcrumb\":{\"@id\":\"https:\\\/\\\/news.oikia.it\\\/privacy-policy-2\\\/#breadcrumb\"},\"inLanguage\":\"it-IT\",\"potentialAction\":[{\"@type\":\"ReadAction\",\"target\":[\"https:\\\/\\\/news.oikia.it\\\/privacy-policy-2\\\/\"]}]},{\"@type\":\"BreadcrumbList\",\"@id\":\"https:\\\/\\\/news.oikia.it\\\/privacy-policy-2\\\/#breadcrumb\",\"itemListElement\":[{\"@type\":\"ListItem\",\"position\":1,\"name\":\"Home\",\"item\":\"https:\\\/\\\/news.oikia.it\\\/\"},{\"@type\":\"ListItem\",\"position\":2,\"name\":\"Privacy Policy\"}]},{\"@type\":\"WebSite\",\"@id\":\"https:\\\/\\\/news.oikia.it\\\/#website\",\"url\":\"https:\\\/\\\/news.oikia.it\\\/\",\"name\":\"OIKIA MAGAZINE\",\"description\":\"Notizie, aggiornamenti e consigli dal mondo del mercato immobiliare\",\"publisher\":{\"@id\":\"https:\\\/\\\/news.oikia.it\\\/#organization\"},\"potentialAction\":[{\"@type\":\"SearchAction\",\"target\":{\"@type\":\"EntryPoint\",\"urlTemplate\":\"https:\\\/\\\/news.oikia.it\\\/?s={search_term_string}\"},\"query-input\":{\"@type\":\"PropertyValueSpecification\",\"valueRequired\":true,\"valueName\":\"search_term_string\"}}],\"inLanguage\":\"it-IT\"},{\"@type\":\"Organization\",\"@id\":\"https:\\\/\\\/news.oikia.it\\\/#organization\",\"name\":\"OIKIA MAGAZINE\",\"url\":\"https:\\\/\\\/news.oikia.it\\\/\",\"logo\":{\"@type\":\"ImageObject\",\"inLanguage\":\"it-IT\",\"@id\":\"https:\\\/\\\/news.oikia.it\\\/#\\\/schema\\\/logo\\\/image\\\/\",\"url\":\"https:\\\/\\\/www.oikia.it\\\/news\\\/wp-content\\\/uploads\\\/2021\\\/01\\\/cropped-logo.png\",\"contentUrl\":\"https:\\\/\\\/www.oikia.it\\\/news\\\/wp-content\\\/uploads\\\/2021\\\/01\\\/cropped-logo.png\",\"width\":378,\"height\":119,\"caption\":\"OIKIA MAGAZINE\"},\"image\":{\"@id\":\"https:\\\/\\\/news.oikia.it\\\/#\\\/schema\\\/logo\\\/image\\\/\"}}]}<\/script>\n<!-- \/ Yoast SEO plugin. -->","yoast_head_json":{"title":"Privacy Policy - OIKIA MAGAZINE","robots":{"index":"index","follow":"follow","max-snippet":"max-snippet:-1","max-image-preview":"max-image-preview:large","max-video-preview":"max-video-preview:-1"},"canonical":"https:\/\/news.oikia.it\/privacy-policy-2\/","og_locale":"it_IT","og_type":"article","og_title":"Privacy Policy - OIKIA MAGAZINE","og_description":"Informativa ai sensi del Regolamento UE 2016\/679 (&#8220;GDPR&#8221;) Titolare del Trattamento dei Dati Publidok S.r.l.Sede legale: Milano (MI) Foro Buonaparte, 59 20121Sede operativa: Busca (CN) Via Po, 2 12022Tel. 0171.937225 &#8211; Fax 0171.940614Cod. Fisc. e Partita IVA: 09705620962 Indirizzo email del Titolare:&nbsp;info@publidok.com Tipologie di Dati personali raccolti Quando usi i nostri servizi, accetti che raccogliamo [&hellip;]","og_url":"https:\/\/news.oikia.it\/privacy-policy-2\/","og_site_name":"OIKIA MAGAZINE","article_modified_time":"2020-01-19T23:08:54+00:00","twitter_card":"summary_large_image","twitter_misc":{"Tempo di lettura stimato":"7 minuti"},"schema":{"@context":"https:\/\/schema.org","@graph":[{"@type":"WebPage","@id":"https:\/\/news.oikia.it\/privacy-policy-2\/","url":"https:\/\/news.oikia.it\/privacy-policy-2\/","name":"Privacy Policy - OIKIA MAGAZINE","isPartOf":{"@id":"https:\/\/news.oikia.it\/#website"},"datePublished":"2020-01-19T21:18:53+00:00","dateModified":"2020-01-19T23:08:54+00:00","breadcrumb":{"@id":"https:\/\/news.oikia.it\/privacy-policy-2\/#breadcrumb"},"inLanguage":"it-IT","potentialAction":[{"@type":"ReadAction","target":["https:\/\/news.oikia.it\/privacy-policy-2\/"]}]},{"@type":"BreadcrumbList","@id":"https:\/\/news.oikia.it\/privacy-policy-2\/#breadcrumb","itemListElement":[{"@type":"ListItem","position":1,"name":"Home","item":"https:\/\/news.oikia.it\/"},{"@type":"ListItem","position":2,"name":"Privacy Policy"}]},{"@type":"WebSite","@id":"https:\/\/news.oikia.it\/#website","url":"https:\/\/news.oikia.it\/","name":"OIKIA MAGAZINE","description":"Notizie, aggiornamenti e consigli dal mondo del mercato immobiliare","publisher":{"@id":"https:\/\/news.oikia.it\/#organization"},"potentialAction":[{"@type":"SearchAction","target":{"@type":"EntryPoint","urlTemplate":"https:\/\/news.oikia.it\/?s={search_term_string}"},"query-input":{"@type":"PropertyValueSpecification","valueRequired":true,"valueName":"search_term_string"}}],"inLanguage":"it-IT"},{"@type":"Organization","@id":"https:\/\/news.oikia.it\/#organization","name":"OIKIA MAGAZINE","url":"https:\/\/news.oikia.it\/","logo":{"@type":"ImageObject","inLanguage":"it-IT","@id":"https:\/\/news.oikia.it\/#\/schema\/logo\/image\/","url":"https:\/\/www.oikia.it\/news\/wp-content\/uploads\/2021\/01\/cropped-logo.png","contentUrl":"https:\/\/www.oikia.it\/news\/wp-content\/uploads\/2021\/01\/cropped-logo.png","width":378,"height":119,"caption":"OIKIA MAGAZINE"},"image":{"@id":"https:\/\/news.oikia.it\/#\/schema\/logo\/image\/"}}]}},"featured_image_src":null,"featured_image_src_square":null,"_links":{"self":[{"href":"https:\/\/www.oikia.it\/news\/wp-json\/wp\/v2\/pages\/70","targetHints":{"allow":["GET"]}}],"collection":[{"href":"https:\/\/www.oikia.it\/news\/wp-json\/wp\/v2\/pages"}],"about":[{"href":"https:\/\/www.oikia.it\/news\/wp-json\/wp\/v2\/types\/page"}],"author":[{"embeddable":true,"href":"https:\/\/www.oikia.it\/news\/wp-json\/wp\/v2\/users\/1"}],"replies":[{"embeddable":true,"href":"https:\/\/www.oikia.it\/news\/wp-json\/wp\/v2\/comments?post=70"}],"version-history":[{"count":1,"href":"https:\/\/www.oikia.it\/news\/wp-json\/wp\/v2\/pages\/70\/revisions"}],"predecessor-version":[{"id":71,"href":"https:\/\/www.oikia.it\/news\/wp-json\/wp\/v2\/pages\/70\/revisions\/71"}],"wp:attachment":[{"href":"https:\/\/www.oikia.it\/news\/wp-json\/wp\/v2\/media?parent=70"}],"curies":[{"name":"wp","href":"https:\/\/api.w.org\/{rel}","templated":true}]}}